{"id":647,"date":"2025-08-04T09:14:31","date_gmt":"2025-08-04T09:14:31","guid":{"rendered":"https:\/\/dahp.eu\/anfrage\/?page_id=647"},"modified":"2025-08-04T09:15:26","modified_gmt":"2025-08-04T09:15:26","slug":"impressum","status":"publish","type":"page","link":"https:\/\/dahp.eu\/anfrage\/impressum\/","title":{"rendered":"Impressum"},"content":{"rendered":"\t\t<div data-elementor-type=\"wp-page\" data-elementor-id=\"647\" class=\"elementor elementor-647\" data-elementor-post-type=\"page\">\n\t\t\t\t<div class=\"elementor-element elementor-element-e2e8af4 e-flex e-con-boxed e-con e-parent\" data-id=\"e2e8af4\" data-element_type=\"container\">\n\t\t\t\t\t<div class=\"e-con-inner\">\n\t\t\t\t<div class=\"elementor-element elementor-element-62ab3c0 elementor-widget elementor-widget-heading\" data-id=\"62ab3c0\" data-element_type=\"widget\" data-widget_type=\"heading.default\">\n\t\t\t\t\t<h1 class=\"elementor-heading-title elementor-size-default\">Impressum<\/h1>\t\t\t\t<\/div>\n\t\t\t\t<div class=\"elementor-element elementor-element-275ad47 elementor-widget elementor-widget-text-editor\" data-id=\"275ad47\" data-element_type=\"widget\" data-widget_type=\"text-editor.default\">\n\t\t\t\t\t\t\t\t\t<p><strong>Verantwortlichkeit f\u00fcr die Gesch\u00e4ftsf\u00fchrung<br \/><\/strong>DAHP Deutsche Akademie f\u00fcr Heilpraktikerausbildung<br \/>Gesch\u00e4ftsf\u00fchrer\/Inhaber: Ulrich Erdmann<br \/>Zulassung als Heilpraktiker zum 28.06.1988 durch Erftkreis, H\u00fcrth<\/p><p><strong>Hauptsitz\/Verwaltung<\/strong><br \/>Ulmenstra\u00dfe 35, 09112 Chemnitz<br \/>Tel. 0371\/3899115, Fax 0371\/3899145<br \/><a href=\"mailto:info@akademie-naturheilkunde.de\">info@akademie-naturheilkunde.de<\/a><\/p><p><strong>Verantwortlichkeit f\u00fcr die Datenverarbeitung\/Fragen zum Datenschutz<br \/><\/strong>Link zur Datenschutzerkl\u00e4rung:\u00a0<a href=\"https:\/\/www.dahp.eu\/datenschutz\/\" target=\"_blank\" rel=\"noopener\">https:\/\/www.dahp.eu\/datenschutz\/<\/a><\/p><p><strong>Landesamtlicher Ansprechpartner f\u00fcr Datenschutz im Bundesland Sachsen<\/strong><br \/>Der S\u00e4chsische Datenschutzbeauftragte<br \/>Bernhard-von-Lindenau-Platz 1, 01067 Dresden<br \/>Postfach 12 09 05, 01008 Dresden<br \/>0351 493 \u2013 5401<br \/>0351 493 \u2013 5490<br \/><a href=\"mailto:saechsdsb@slt.sachsen.de\">saechsdsb@slt.sachsen.de<\/a><br \/><a href=\"https:\/\/www.datenschutz.sachsen.de\/\" target=\"_blank\" rel=\"noopener\">https:\/\/www.datenschutz.sachsen.de<\/a><\/p><p><strong>Zertifizierung und Zulassung Berufsfachschulen im Berufsverband Deutsche Naturheilkunde e.V.<br \/><\/strong>zertifizierende Stelle: Berufsverband Deutsche Naturheilkunde e.V.<br \/>Link:\u00a0<a href=\"https:\/\/www.berufsverband-naturheilkunde.de\/\" target=\"_blank\" rel=\"noopener\">www.berufsverband-naturheilkunde.de<\/a><\/p><p><strong>zugelassen als Tr\u00e4ger nach dem Recht der Ausbildungsf\u00f6rderung im Sinne der Akkreditierungsverordnung<\/strong><br \/>\/Arbeitsf\u00f6rderung\/AZAV, zugelassen durch Zertifizierungsstelle T\u00dcV S\u00fcd Management Service GmbH als von der DAKKS akkreditierende Zertifizierungsstelle<br \/><strong><u><br \/><\/u><\/strong><strong>Haftungsbeschr\u00e4nkung f\u00fcr externe Links<br \/><\/strong>Unsere Webseiten enthalten Links auf externe Webseiten Dritter. Auf die Inhalte dieser direkt oder indirekt verlinkten Webseiten haben wir keinen Einfluss. Daher k\u00f6nnen wir f\u00fcr die \u201eexternen Links\u201c auch keine Gew\u00e4hr auf Richtigkeit der Inhalte \u00fcbernehmen.<br \/>F\u00fcr die Inhalte der externen Links sind die jeweilige Anbieter oder Betreiber (Urheber) der Seiten verantwortlich.<br \/>Die externen Links wurden zum Zeitpunkt der Linksetzung auf eventuelle Rechtsverst\u00f6\u00dfe \u00fcberpr\u00fcft und waren im Zeitpunkt der Linksetzung frei von rechtswidrigen Inhalten. Eine st\u00e4ndige inhaltliche \u00dcberpr\u00fcfung der externen Links ist ohne konkrete Anhaltspunkte einer Rechtsverletzung nicht m\u00f6glich. Bei direkten oder indirekten Verlinkungen auf die Webseiten Dritter, die au\u00dferhalb unseres Verantwortungsbereichs liegen, w\u00fcrde eine Haftungsverpflichtung ausschlie\u00dflich nur in dem Fall bestehen, wenn wir von den Inhalten Kenntnis erlangen und es uns technisch m\u00f6glich und zumutbar w\u00e4re, die Nutzung im Falle rechtswidriger Inhalte zu verhindern.<br \/><strong>Diese Haftungsausschlusserkl\u00e4rung gilt auch innerhalb des eigenen Internetauftrittes<\/strong><br \/><a href=\"https:\/\/www.akademie-naturheilkunde.de\/\" target=\"_blank\" rel=\"noopener\">www.akademie-naturheilkunde.de<\/a><br \/>F\u00fcr illegale, fehlerhafte oder unvollst\u00e4ndige Inhalte und insbesondere f\u00fcr Sch\u00e4den, die aus der Nutzung oder Nichtnutzung solcherart dargestellten Informationen entstehen, haftet allein der Diensteanbieter der Seite, auf welche verwiesen wurde, nicht derjenige, der \u00fcber Links auf die jeweilige Ver\u00f6ffentlichung lediglich verweist.<\/p><p><strong>Haftung f\u00fcr Inhalte<br \/><\/strong>Alle Inhalte unseres Internetauftritts wurden mit gr\u00f6\u00dfter Sorgfalt und nach bestem Gewissen erstellt. F\u00fcr die Richtigkeit, Vollst\u00e4ndigkeit und Aktualit\u00e4t der Inhalte k\u00f6nnen wir jedoch keine Gew\u00e4hr \u00fcbernehmen.<br \/>Als Diensteanbieter sind wir gem\u00e4\u00df \u00a7 7 Abs. 1 TMG f\u00fcr eigene Inhalte auf diesen Seiten nach den allgemeinen Gesetzen verantwortlich. Nach \u00a7\u00a7 8 bis 10 TMG sind wir als Diensteanbieter jedoch nicht verpflichtet, \u00fcbermittelte oder gespeicherte fremde Informationen zu \u00fcberwachen oder nach Umst\u00e4nden zu forschen, die auf eine rechtswidrige T\u00e4tigkeit hinweisen. Verpflichtungen zur Entfernung oder Sperrung der Nutzung von Informationen nach den allgemeinen Gesetzen bleiben hiervon unber\u00fchrt.<br \/>Eine diesbez\u00fcgliche Haftung ist jedoch erst ab dem Zeitpunkt der Kenntniserlangung einer konkreten Rechtsverletzung m\u00f6glich. Bei Bekanntwerden von den o.g. Rechtsverletzungen werden wir diese Inhalte unverz\u00fcglich entfernen.<\/p><p><strong>Urheberrecht\u00a0<\/strong><strong><u><br \/><\/u><\/strong>Die auf unserer Webseite ver\u00f6ffentlichen Inhalte und Werke unterliegen dem deutschen Urheberrecht (https:\/\/www.gesetze-im-internet.de\/bundesrecht\/urhg\/gesamt.pdf<u>\u00a0(link is external))<\/u>. Die Vervielf\u00e4ltigung, Bearbeitung, Verbreitung und jede Art der Verwertung des geistigen Eigentums in ideeller und materieller Sicht des Urhebers au\u00dferhalb der Grenzen des Urheberrechtes bed\u00fcrfen der vorherigen schriftlichen Zustimmung des jeweiligen Urhebers i.S.d. Urhebergesetzes (<a href=\"https:\/\/www.gesetze-im-internet.de\/bundesrecht\/urhg\/gesamt.pdf\" target=\"_blank\" rel=\"noopener\">https:\/\/www.gesetze-im-internet.de\/bundesrecht\/urhg\/gesamt.pdf (link is external)<\/a>).<br \/>Downloads und Kopien dieser Seite sind nur f\u00fcr den privaten und nicht kommerziellen Gebrauch erlaubt. Sind die Inhalte auf unserer Webseite nicht von uns erstellt wurden, sind die Urheberrechte Dritter zu beachten. Die Inhalte Dritter werden als solche kenntlich gemacht.<br \/>Sollten Sie trotzdem auf eine Urheberrechtsverletzung aufmerksam werden, bitten wir um einen entsprechenden Hinweis. Bei Bekanntwerden von Rechtsverletzungen werden wir derartige Inhalte unverz\u00fcglich entfernen.<\/p>\t\t\t\t\t\t\t\t<\/div>\n\t\t\t\t\t<\/div>\n\t\t\t\t<\/div>\n\t\t\t\t<\/div>\n\t\t","protected":false},"excerpt":{"rendered":"<p>Impressum Verantwortlichkeit f\u00fcr die Gesch\u00e4ftsf\u00fchrungDAHP Deutsche Akademie f\u00fcr HeilpraktikerausbildungGesch\u00e4ftsf\u00fchrer\/Inhaber: Ulrich ErdmannZulassung als Heilpraktiker zum 28.06.1988 durch Erftkreis, H\u00fcrth Hauptsitz\/VerwaltungUlmenstra\u00dfe 35, 09112 ChemnitzTel. 0371\/3899115, Fax 0371\/3899145info@akademie-naturheilkunde.de Verantwortlichkeit f\u00fcr die Datenverarbeitung\/Fragen zum DatenschutzLink zur Datenschutzerkl\u00e4rung:\u00a0https:\/\/www.dahp.eu\/datenschutz\/ Landesamtlicher Ansprechpartner f\u00fcr Datenschutz im Bundesland SachsenDer S\u00e4chsische DatenschutzbeauftragteBernhard-von-Lindenau-Platz 1, 01067 DresdenPostfach 12 09 05, 01008 Dresden0351 493 \u2013 54010351 493 \u2013 [&hellip;]<\/p>\n","protected":false},"author":2,"featured_media":0,"parent":0,"menu_order":0,"comment_status":"closed","ping_status":"closed","template":"","meta":{"_acf_changed":false,"footnotes":""},"class_list":["post-647","page","type-page","status-publish","hentry"],"acf":[],"yoast_head":"<!-- This site is optimized with the Yoast SEO plugin v26.1.1 - https:\/\/yoast.com\/wordpress\/plugins\/seo\/ -->\n<title>Impressum - Heilpraktikerschulen BDN<\/title>\n<meta name=\"robots\" content=\"noindex, follow, max-snippet:-1, max-image-preview:large, max-video-preview:-1\" \/>\n<meta property=\"og:locale\" content=\"de_DE\" \/>\n<meta property=\"og:type\" content=\"article\" \/>\n<meta property=\"og:title\" content=\"Impressum - Heilpraktikerschulen BDN\" \/>\n<meta property=\"og:description\" content=\"Impressum Verantwortlichkeit f\u00fcr die Gesch\u00e4ftsf\u00fchrungDAHP Deutsche Akademie f\u00fcr HeilpraktikerausbildungGesch\u00e4ftsf\u00fchrer\/Inhaber: Ulrich ErdmannZulassung als Heilpraktiker zum 28.06.1988 durch Erftkreis, H\u00fcrth Hauptsitz\/VerwaltungUlmenstra\u00dfe 35, 09112 ChemnitzTel. 0371\/3899115, Fax 0371\/3899145info@akademie-naturheilkunde.de Verantwortlichkeit f\u00fcr die Datenverarbeitung\/Fragen zum DatenschutzLink zur Datenschutzerkl\u00e4rung:\u00a0https:\/\/www.dahp.eu\/datenschutz\/ Landesamtlicher Ansprechpartner f\u00fcr Datenschutz im Bundesland SachsenDer S\u00e4chsische DatenschutzbeauftragteBernhard-von-Lindenau-Platz 1, 01067 DresdenPostfach 12 09 05, 01008 Dresden0351 493 \u2013 54010351 493 \u2013 [&hellip;]\" \/>\n<meta property=\"og:url\" content=\"https:\/\/dahp.eu\/anfrage\/impressum\/\" \/>\n<meta property=\"og:site_name\" content=\"Heilpraktikerschulen BDN\" \/>\n<meta property=\"article:modified_time\" content=\"2025-08-04T09:15:26+00:00\" \/>\n<meta name=\"twitter:card\" content=\"summary_large_image\" \/>\n<meta name=\"twitter:label1\" content=\"Gesch\u00e4tzte Lesezeit\" \/>\n\t<meta name=\"twitter:data1\" content=\"4\u00a0Minuten\" \/>\n<script type=\"application\/ld+json\" class=\"yoast-schema-graph\">{\"@context\":\"https:\/\/schema.org\",\"@graph\":[{\"@type\":\"WebPage\",\"@id\":\"https:\/\/dahp.eu\/anfrage\/impressum\/\",\"url\":\"https:\/\/dahp.eu\/anfrage\/impressum\/\",\"name\":\"Impressum - Heilpraktikerschulen BDN\",\"isPartOf\":{\"@id\":\"https:\/\/dahp.eu\/anfrage\/#website\"},\"datePublished\":\"2025-08-04T09:14:31+00:00\",\"dateModified\":\"2025-08-04T09:15:26+00:00\",\"breadcrumb\":{\"@id\":\"https:\/\/dahp.eu\/anfrage\/impressum\/#breadcrumb\"},\"inLanguage\":\"de\",\"potentialAction\":[{\"@type\":\"ReadAction\",\"target\":[\"https:\/\/dahp.eu\/anfrage\/impressum\/\"]}]},{\"@type\":\"BreadcrumbList\",\"@id\":\"https:\/\/dahp.eu\/anfrage\/impressum\/#breadcrumb\",\"itemListElement\":[{\"@type\":\"ListItem\",\"position\":1,\"name\":\"Startseite\",\"item\":\"https:\/\/dahp.eu\/anfrage\/\"},{\"@type\":\"ListItem\",\"position\":2,\"name\":\"Impressum\"}]},{\"@type\":\"WebSite\",\"@id\":\"https:\/\/dahp.eu\/anfrage\/#website\",\"url\":\"https:\/\/dahp.eu\/anfrage\/\",\"name\":\"Heilpraktikerschulen BDN\",\"description\":\"\",\"publisher\":{\"@id\":\"https:\/\/dahp.eu\/anfrage\/#organization\"},\"potentialAction\":[{\"@type\":\"SearchAction\",\"target\":{\"@type\":\"EntryPoint\",\"urlTemplate\":\"https:\/\/dahp.eu\/anfrage\/?s={search_term_string}\"},\"query-input\":{\"@type\":\"PropertyValueSpecification\",\"valueRequired\":true,\"valueName\":\"search_term_string\"}}],\"inLanguage\":\"de\"},{\"@type\":\"Organization\",\"@id\":\"https:\/\/dahp.eu\/anfrage\/#organization\",\"name\":\"Heilpraktikerschulen BDN\",\"url\":\"https:\/\/dahp.eu\/anfrage\/\",\"logo\":{\"@type\":\"ImageObject\",\"inLanguage\":\"de\",\"@id\":\"https:\/\/dahp.eu\/anfrage\/#\/schema\/logo\/image\/\",\"url\":\"https:\/\/dahp.eu\/anfrage\/wp-content\/uploads\/2024\/03\/icon.svg\",\"contentUrl\":\"https:\/\/dahp.eu\/anfrage\/wp-content\/uploads\/2024\/03\/icon.svg\",\"width\":512,\"height\":512,\"caption\":\"Heilpraktikerschulen BDN\"},\"image\":{\"@id\":\"https:\/\/dahp.eu\/anfrage\/#\/schema\/logo\/image\/\"}}]}<\/script>\n<!-- \/ Yoast SEO plugin. -->","yoast_head_json":{"title":"Impressum - Heilpraktikerschulen BDN","robots":{"index":"noindex","follow":"follow","max-snippet":"max-snippet:-1","max-image-preview":"max-image-preview:large","max-video-preview":"max-video-preview:-1"},"og_locale":"de_DE","og_type":"article","og_title":"Impressum - Heilpraktikerschulen BDN","og_description":"Impressum Verantwortlichkeit f\u00fcr die Gesch\u00e4ftsf\u00fchrungDAHP Deutsche Akademie f\u00fcr HeilpraktikerausbildungGesch\u00e4ftsf\u00fchrer\/Inhaber: Ulrich ErdmannZulassung als Heilpraktiker zum 28.06.1988 durch Erftkreis, H\u00fcrth Hauptsitz\/VerwaltungUlmenstra\u00dfe 35, 09112 ChemnitzTel. 0371\/3899115, Fax 0371\/3899145info@akademie-naturheilkunde.de Verantwortlichkeit f\u00fcr die Datenverarbeitung\/Fragen zum DatenschutzLink zur Datenschutzerkl\u00e4rung:\u00a0https:\/\/www.dahp.eu\/datenschutz\/ Landesamtlicher Ansprechpartner f\u00fcr Datenschutz im Bundesland SachsenDer S\u00e4chsische DatenschutzbeauftragteBernhard-von-Lindenau-Platz 1, 01067 DresdenPostfach 12 09 05, 01008 Dresden0351 493 \u2013 54010351 493 \u2013 [&hellip;]","og_url":"https:\/\/dahp.eu\/anfrage\/impressum\/","og_site_name":"Heilpraktikerschulen BDN","article_modified_time":"2025-08-04T09:15:26+00:00","twitter_card":"summary_large_image","twitter_misc":{"Gesch\u00e4tzte Lesezeit":"4\u00a0Minuten"},"schema":{"@context":"https:\/\/schema.org","@graph":[{"@type":"WebPage","@id":"https:\/\/dahp.eu\/anfrage\/impressum\/","url":"https:\/\/dahp.eu\/anfrage\/impressum\/","name":"Impressum - Heilpraktikerschulen BDN","isPartOf":{"@id":"https:\/\/dahp.eu\/anfrage\/#website"},"datePublished":"2025-08-04T09:14:31+00:00","dateModified":"2025-08-04T09:15:26+00:00","breadcrumb":{"@id":"https:\/\/dahp.eu\/anfrage\/impressum\/#breadcrumb"},"inLanguage":"de","potentialAction":[{"@type":"ReadAction","target":["https:\/\/dahp.eu\/anfrage\/impressum\/"]}]},{"@type":"BreadcrumbList","@id":"https:\/\/dahp.eu\/anfrage\/impressum\/#breadcrumb","itemListElement":[{"@type":"ListItem","position":1,"name":"Startseite","item":"https:\/\/dahp.eu\/anfrage\/"},{"@type":"ListItem","position":2,"name":"Impressum"}]},{"@type":"WebSite","@id":"https:\/\/dahp.eu\/anfrage\/#website","url":"https:\/\/dahp.eu\/anfrage\/","name":"Heilpraktikerschulen BDN","description":"","publisher":{"@id":"https:\/\/dahp.eu\/anfrage\/#organization"},"potentialAction":[{"@type":"SearchAction","target":{"@type":"EntryPoint","urlTemplate":"https:\/\/dahp.eu\/anfrage\/?s={search_term_string}"},"query-input":{"@type":"PropertyValueSpecification","valueRequired":true,"valueName":"search_term_string"}}],"inLanguage":"de"},{"@type":"Organization","@id":"https:\/\/dahp.eu\/anfrage\/#organization","name":"Heilpraktikerschulen BDN","url":"https:\/\/dahp.eu\/anfrage\/","logo":{"@type":"ImageObject","inLanguage":"de","@id":"https:\/\/dahp.eu\/anfrage\/#\/schema\/logo\/image\/","url":"https:\/\/dahp.eu\/anfrage\/wp-content\/uploads\/2024\/03\/icon.svg","contentUrl":"https:\/\/dahp.eu\/anfrage\/wp-content\/uploads\/2024\/03\/icon.svg","width":512,"height":512,"caption":"Heilpraktikerschulen BDN"},"image":{"@id":"https:\/\/dahp.eu\/anfrage\/#\/schema\/logo\/image\/"}}]}},"_links":{"self":[{"href":"https:\/\/dahp.eu\/anfrage\/wp-json\/wp\/v2\/pages\/647","targetHints":{"allow":["GET"]}}],"collection":[{"href":"https:\/\/dahp.eu\/anfrage\/wp-json\/wp\/v2\/pages"}],"about":[{"href":"https:\/\/dahp.eu\/anfrage\/wp-json\/wp\/v2\/types\/page"}],"author":[{"embeddable":true,"href":"https:\/\/dahp.eu\/anfrage\/wp-json\/wp\/v2\/users\/2"}],"replies":[{"embeddable":true,"href":"https:\/\/dahp.eu\/anfrage\/wp-json\/wp\/v2\/comments?post=647"}],"version-history":[{"count":4,"href":"https:\/\/dahp.eu\/anfrage\/wp-json\/wp\/v2\/pages\/647\/revisions"}],"predecessor-version":[{"id":652,"href":"https:\/\/dahp.eu\/anfrage\/wp-json\/wp\/v2\/pages\/647\/revisions\/652"}],"wp:attachment":[{"href":"https:\/\/dahp.eu\/anfrage\/wp-json\/wp\/v2\/media?parent=647"}],"curies":[{"name":"wp","href":"https:\/\/api.w.org\/{rel}","templated":true}]}}